{"id":36,"date":"2024-12-14T09:24:42","date_gmt":"2024-12-14T08:24:42","guid":{"rendered":"https:\/\/douaalter.lautre.net\/intersyndicale\/?page_id=36"},"modified":"2024-12-18T15:15:06","modified_gmt":"2024-12-18T14:15:06","slug":"profession-de-foi","status":"publish","type":"page","link":"https:\/\/douaalter.lautre.net\/intersyndicale\/?page_id=36","title":{"rendered":"Profession de foi"},"content":{"rendered":"\n<p class=\"has-text-align-center has-small-font-size\"><a href=\"http:\/\/douaalter.lautre.net\/intersyndicale\/wp-content\/uploads\/2024\/12\/PF_CA_CAc.pdf\" target=\"_blank\" rel=\"noreferrer noopener\"><strong>Version PDF<\/strong><\/a><br>(<a href=\"http:\/\/douaalter.lautre.net\/intersyndicale\/wp-content\/uploads\/2024\/12\/PF_CA_CAc_NB.pdf\">version N&amp;B pour impression<\/a>)<\/p>\n\n\n\n<p class=\"is-style-default\"><em><strong>Votez pour la liste intersyndicale, pour une universit\u00e9 de service public, d\u00e9mocratique, juste, attentive \u00e0 la sant\u00e9 de toutes et tous et engag\u00e9e dans la transformation \u00e9cologique&nbsp;!<\/strong><\/em><\/p>\n\n\n\n<p class=\"is-style-default has-text-color has-link-color has-x-large-font-size wp-elements-e68c8ac70ec5a9fe21df8a5e5da8dbb2\" id=\"principes\" style=\"color:#cb6031de\"><strong>Les grands principes de notre liste<\/strong><\/p>\n\n\n\n<p><strong>Notre intersyndicale, <a href=\"https:\/\/blog.douaalter.lautre.net\/\" target=\"_blank\" rel=\"noreferrer noopener\">particuli\u00e8rement engag\u00e9e (informations, p\u00e9titions, actions) dans la lutte contre le dernier projet d\u2019EPE isol\u00e9 de Lyon 1<\/a>, a toujours \u00e9t\u00e9 claire sur son opposition aux exp\u00e9rimentations attaquant les statuts, la d\u00e9mocratie et les conditions de travail. Nos \u00e9lu\u00b7es avec l&rsquo;appui des organisations syndicales d\u00e9fendront collectivement dans les instances des principes oppos\u00e9s \u00e0 ceux que portait la pr\u00e9sidence sortante :<\/strong><\/p>\n\n\n\n<div class=\"wp-block-columns is-layout-flex wp-container-core-columns-is-layout-1 wp-block-columns-is-layout-flex\">\n<div class=\"wp-block-column is-layout-flow wp-block-column-is-layout-flow\">\n<p>&#8211; Revenir \u00e0 un fonctionnement pleinement <strong>d\u00e9mocratique<\/strong> de l&rsquo;universit\u00e9 : <strong>renforcer et prendre en compte le r\u00f4le des conseils et instances consultatives<\/strong> en respectant leurs avis ; <strong>d\u00e9battre avec l&rsquo;ensemble du personnel;<\/strong> consulter les personnels en cas de r\u00e9organisation de l&rsquo;\u00e9tablissement ou de leur service ; publier rapidement les relev\u00e9s de d\u00e9cisions de l&rsquo;ensemble des conseils de tous niveaux.<br><br>&#8211; D\u00e9fendre des campagnes d&#8217;emplois, de promotions et de gestion des carri\u00e8res <strong>transparentes<\/strong>; <strong>rompre avec la politique d&rsquo;individualisation de la r\u00e9mun\u00e9ration<\/strong> par les primes dites \u00ab au m\u00e9rite\u00bb (chez les BIATSS et les enseignant\u00b7es chercheur\u00b7euses) ; <strong>r\u00e9internaliser<\/strong> au maximum les emplois d&rsquo;entretien et de travaux trop souvent confi\u00e9s \u00e0 des entreprises ext\u00e9rieures.<br><br>&#8211; <strong>Lutter contre la pr\u00e9carit\u00e9<\/strong> des personnels (BIATSS, vacataires, doctorant\u00b7es, ATER&#8230;) et la sous-traitance par une politique permettant de titulariser ou stabiliser un maximum de personnels pr\u00e9caires via des campagnes d\u2019emplois qui incluent des concours internes.<br><br>&#8211; Promouvoir l\u2019universit\u00e9 comme <strong>espace de d\u00e9bat<\/strong> et de formation \u00e0 l&rsquo;esprit critique et <strong>d\u00e9fendre concr\u00e8tement les libert\u00e9s acad\u00e9miques.<\/strong><br><\/p>\n<\/div>\n\n\n\n<div class=\"wp-block-column is-layout-flow wp-block-column-is-layout-flow\">\n<p>&#8211; <strong>S&rsquo;opposer aux nouvelles exp\u00e9rimentations<\/strong>, en particulier \u00e0 celles de l&rsquo;\u00ab Acte 2 de l&rsquo;autonomie des universit\u00e9s \u00bb : modulation de services, g\u00e9n\u00e9ralisation des \u00ab chaires de professeur junior \u00bb, d\u00e9concentration de la gestion RH des personnels BIATSS, attaques sur le statut des fonctionnaires.<br><br>&#8211; \u0152uvrer au sein de notre universit\u00e9 et du site lyonnais pour <strong>favoriser et faciliter les discussions et les collaborations<\/strong> entre nos diff\u00e9rentes composantes et avec nos partenaires, tout en restant ouvert \u00e0 des collaborations et \u00e9changes avec d\u2019autres \u00e9tablissements fran\u00e7ais et internationnaux.<br><br>&#8211; <strong>Prendre en compte les enjeux socio-\u00e9cologiques<\/strong> dans les activit\u00e9s d\u2019enseignement et de recherche de l\u2019universit\u00e9. \u00c9laborer les transformations \u00e0 insuffler en <strong>concertation avec l\u2019ensemble des personnels<\/strong>. Proposer aux personnels et \u00e9tudiant\u00b7es des ateliers de formation pour une meilleure prise en main collective de ces enjeux fondamentaux de transitions.&nbsp;\u00c9laborer et mettre en \u0153uvre des mesures d&rsquo;organisation du travail et d&rsquo;usage des locaux afin de minimiser les impacts des d\u00e9gradations environnementales et sociales en cours sur les conditions de travail et d&rsquo;\u00e9tudes.<\/p>\n<\/div>\n<\/div>\n\n\n\n<p class=\"has-text-color has-link-color has-x-large-font-size wp-elements-68b6c8f81695324f4d6eca8d011cc769\" id=\"engagements\" style=\"color:#cb6031de\"><strong>Nos candidat\u00b7es s\u2019engagent notamment pour<\/strong><\/p>\n\n\n\n<div class=\"wp-block-columns is-layout-flex wp-container-core-columns-is-layout-2 wp-block-columns-is-layout-flex\">\n<div class=\"wp-block-column is-layout-flow wp-block-column-is-layout-flow\">\n<p class=\"has-text-color has-link-color has-large-font-size wp-elements-ebaf87504a6ee07d39e676588e0537db\" style=\"color:#fa3e02\"><strong>Une offre de formation centr\u00e9e sur les missions de service public<\/strong><\/p>\n\n\n\n<p>&#8211; Remettre les formations initiales au centre des activit\u00e9s.<\/p>\n\n\n\n<p>&#8211; Favoriser l\u2019acc\u00e8s \u00e0 la formation tout au long de la vie (ex. : adapter des parcours existants, soutenir les services <a href=\"https:\/\/www.enseignementsup-recherche.gouv.fr\/fr\/la-validation-des-acquis-dans-l-enseignement-superieur-vae-et-vap-85-46404\">VAE et VAPP<\/a>).<\/p>\n\n\n\n<p>&#8211; Ne pas \u00e9parpiller les actions de formation continue vers la multiplication des DU et des certifications lucratives.<\/p>\n\n\n\n<p>&#8211; Refuser des partenariats avec des \u00e9tablissements priv\u00e9s concurrents de nos formations.<\/p>\n\n\n\n<p>&#8211; D\u00e9fendre une vision globale et coh\u00e9rente des offres de formations pour \u00e9viter la mise en concurrence au sein m\u00eame du site.<\/p>\n\n\n\n<p>&#8211; Assurer le droit \u00e0 la poursuite d&rsquo;\u00e9tudes tout en veillant \u00e0 la coh\u00e9rence des solutions propos\u00e9es aux \u00e9tudiant\u00b7es.<\/p>\n\n\n\n<p>&#8211; Am\u00e9liorer l\u2019acc\u00e8s \u00e0 la formation pour les agent\u00b7es de l\u2019UCBL, en am\u00e9liorant la visibilit\u00e9 de l\u2019offre actuelle, et en d\u00e9veloppant plus de formations \u00e0 destination des enseignant\u00b7es et chercheur\u00b7euses, notamment techniques.<\/p>\n\n\n\n<p class=\"has-text-color has-link-color wp-elements-d698d8b0dae70c478a9314b895d48201\" style=\"color:#fa3e02\"><br><strong>Agir pour l\u2019am\u00e9lioration des conditions d\u2019\u00e9tudes et de l\u2019Universit\u00e9 comme espace de vie sociale<\/strong><\/p>\n\n\n\n<p>&#8211; Ouverture de places et accueil de tous\u00b7tes les bacheli\u00e8r\u00b7es qui le souhaitent dans le mesure du possible selon les composantes (dans la perspective pluriannuelle de diminution des effectifs \u00e0 terme).<\/p>\n\n\n\n<p>&#8211; Engager une nouvelle r\u00e9flexion sur les emplois du temps des formations, leur calendrier et la gestion des locaux d\u2019enseignement.<\/p>\n\n\n\n<p>&#8211; Refuser l\u2019augmentation des frais d\u2019inscription.<\/p>\n\n\n\n<p>&#8211; Travailler sur une meilleure structuration des \u00e9coles doctorales.<\/p>\n\n\n\n<p>&#8211; Faciliter l\u2019accueil des \u00e9tudiant\u00b7es \u00e9tranger\u00b7es.<\/p>\n\n\n\n<p class=\"has-text-color has-link-color wp-elements-2b72d652caec361b62ba4d1e2f61919b\" style=\"color:#fa3e02\"><strong>D\u00e9velopper une politique scientifique ouverte \u00e0 la mesure des enjeux d\u2019aujourd\u2019hui et de demain<\/strong><\/p>\n\n\n\n<p>&#8211; Une politique scientifique pens\u00e9e \u00e0 long terme, diverse, libre, ouverte et port\u00e9e par des personnels b\u00e9n\u00e9ficiant de la stabilit\u00e9 et de l\u2019ind\u00e9pendance garantie par le statut de fonctionnaire.<\/p>\n\n\n\n<p>&#8211; Affirmer notre attachement aux cr\u00e9dits r\u00e9currents.<\/p>\n\n\n\n<p>&#8211; \u0152uvrer pour une juste r\u00e9partition des financements sur appels \u00e0 projet tenant compte de la diversit\u00e9 des disciplines et th\u00e9matiques de recherche au sein de notre universit\u00e9.<\/p>\n<\/div>\n\n\n\n<div class=\"wp-block-column is-layout-flow wp-block-column-is-layout-flow\">\n<p class=\"has-text-color has-link-color wp-elements-1066293442751cb5b38ab05a0f46c1af\" style=\"color:#fa3e02\"><strong>Agir pour l\u2019am\u00e9lioration des conditions de travail et contre la pr\u00e9carit\u00e9<\/strong><\/p>\n\n\n\n<p>&#8211; \u0152uvrer au renouvellement des CDD en amont, avec une meilleure communication avec les agent\u00b7es, pour lutter contre la pr\u00e9carit\u00e9.<\/p>\n\n\n\n<p>&#8211; Favoriser une CDI-sation plus rapide des BIATSS contractuel\u00b7les.<\/p>\n\n\n\n<p>-Une r\u00e9partition plus juste des emplois dans les diff\u00e9rentes composantes et services de mani\u00e8re \u00e0 prendre en compte la surcharge de travail.<\/p>\n\n\n\n<p>&#8211; Une action concr\u00e8te en faveur d\u2019une \u00e9galit\u00e9 entre les femmes et les hommes \u00e0 l\u2019universit\u00e9.<\/p>\n\n\n\n<p>&#8211; Une v\u00e9ritable lutte contre toutes les discriminations et en faveur de l\u2019inclusion.<\/p>\n\n\n\n<p>&#8211; Une v\u00e9ritable mobilisation contre les risques psycho-sociaux et les violences sexistes et sexuelles avec les moyens n\u00e9cessaires.<\/p>\n\n\n\n<p>&#8211; Une clarification des proc\u00e9dures administratives, techniques et financi\u00e8res permettant aux services et aux composantes un travail serein, coordonn\u00e9 et efficace, au service des \u00e9tudiant\u00b7es, enseignant\u00b7es et chercheur\u00b7euses et de tout le personnel.<\/p>\n\n\n\n<p>&#8211; Le renforcement d\u2019un service de support pour les probl\u00e9matiques de salles d\u2019enseignement.<\/p>\n\n\n\n<p>&#8211; Prendre en compte les doctorant\u00b7es comme des personnels \u00e0 part enti\u00e8re et tout mettre en place pour am\u00e9liorer leurs conditions de travail au sein des laboratoires de l\u2019Universit\u00e9.<\/p>\n\n\n\n<p>&#8211; Rendre accessible \u00e0 toutes et tous&nbsp;une restauration collective de qualit\u00e9 et \u00e0 des tarifs abordables sur tous les sites.<\/p>\n\n\n\n<p>&#8211; Annulation de la programmation minimale des cong\u00e9s pour les personnels BIATSS.<\/p>\n<\/div>\n<\/div>\n","protected":false},"excerpt":{"rendered":"<p>Version PDF(version N&amp;B pour impression) Votez pour la liste intersyndicale, pour une universit\u00e9 de service public, d\u00e9mocratique, juste, attentive \u00e0 la sant\u00e9 de toutes et tous et engag\u00e9e dans la transformation \u00e9cologique&nbsp;! Les grands principes de notre liste Notre intersyndicale, particuli\u00e8rement engag\u00e9e (informations, p\u00e9titions, actions) dans la lutte contre le dernier projet d\u2019EPE isol\u00e9 de [&hellip;]<\/p>\n","protected":false},"author":1,"featured_media":0,"parent":0,"menu_order":0,"comment_status":"closed","ping_status":"closed","template":"pageproffoi","meta":{"footnotes":""},"class_list":["post-36","page","type-page","status-publish","hentry"],"_links":{"self":[{"href":"https:\/\/douaalter.lautre.net\/intersyndicale\/index.php?rest_route=\/wp\/v2\/pages\/36","targetHints":{"allow":["GET"]}}],"collection":[{"href":"https:\/\/douaalter.lautre.net\/intersyndicale\/index.php?rest_route=\/wp\/v2\/pages"}],"about":[{"href":"https:\/\/douaalter.lautre.net\/intersyndicale\/index.php?rest_route=\/wp\/v2\/types\/page"}],"author":[{"embeddable":true,"href":"https:\/\/douaalter.lautre.net\/intersyndicale\/index.php?rest_route=\/wp\/v2\/users\/1"}],"replies":[{"embeddable":true,"href":"https:\/\/douaalter.lautre.net\/intersyndicale\/index.php?rest_route=%2Fwp%2Fv2%2Fcomments&post=36"}],"version-history":[{"count":22,"href":"https:\/\/douaalter.lautre.net\/intersyndicale\/index.php?rest_route=\/wp\/v2\/pages\/36\/revisions"}],"predecessor-version":[{"id":214,"href":"https:\/\/douaalter.lautre.net\/intersyndicale\/index.php?rest_route=\/wp\/v2\/pages\/36\/revisions\/214"}],"wp:attachment":[{"href":"https:\/\/douaalter.lautre.net\/intersyndicale\/index.php?rest_route=%2Fwp%2Fv2%2Fmedia&parent=36"}],"curies":[{"name":"wp","href":"https:\/\/api.w.org\/{rel}","templated":true}]}}