{"id":57,"date":"2024-12-14T16:18:53","date_gmt":"2024-12-14T15:18:53","guid":{"rendered":"http:\/\/douaalter.lautre.net\/intersyndicale\/?page_id=57"},"modified":"2025-01-17T09:25:12","modified_gmt":"2025-01-17T08:25:12","slug":"qui-vote-ou","status":"publish","type":"page","link":"https:\/\/douaalter.lautre.net\/intersyndicale\/?page_id=57","title":{"rendered":"Qui vote o\u00f9 ?"},"content":{"rendered":"\n<p>L&rsquo;ensemble du personnel (titulaires et contractuel\u00b7les), y compris des EPST rattach\u00e9s, est appel\u00e9 \u00e0 <strong>voter jeudi 23 janvier \u00e0<\/strong> <strong>trois scrutins<\/strong> pour le renouvellement du Conseil d&rsquo;Administration (CA), de la Commission de la Formation et de la Vie Universitaire (CFVU) et de la Commission Recherche (CR).<br><br><strong>Les scrutins auront lieu \u00e0 l&rsquo;urne jeudi 23 janvier<\/strong> sur plusieurs sites de l&rsquo;universit\u00e9 :<br>&#8211; de <strong>9h \u00e0 17h <\/strong>\u00e0 DOMUS (DOUA), IUT DOUA, IUT GRATTE-CIEL, INSPE CROIX-ROUSSE, LA BUIRE, ROCKEFELLER, UFR M\u00c9DECINE LYON-SUD, ISFA GERLAND ;<br>&#8211; de <strong>9h \u00e0 15h<\/strong> \u00e0 IUT BOURG-EN-BRESSE, INSPE SAINT-\u00c9TIENNE, NEURO CARDIO.<br>Dans certains bureaux de votes, certaines circonscriptions ne seront pas pr\u00e9sentes (<a href=\"https:\/\/intranet.univ-lyon1.fr\/medias\/fichier\/008-2025-ele-004-emplacement-et-composition-des-buraux-de-vote-personnels_1737024954295-pdf?ID_FICHE=496785&amp;INLINE=FALSE\">voir l&rsquo;arr\u00eat\u00e9<\/a>).<\/p>\n\n\n\n<p> Pour chacun des trois scrutins, vous pouvez <a href=\"https:\/\/intranet.univ-lyon1.fr\/medias\/fichier\/demande-de-procuration-personnels_1732273922940-pdf?ID_FICHE=496785&amp;INLINE=FALSE\" target=\"_blank\" rel=\"noreferrer noopener\">donner procuration<\/a> <strong>jusqu&rsquo;au 22 janvier 12h <\/strong>\u00e0 une personne inscrite sur la m\u00eame <a href=\"https:\/\/intranet.univ-lyon1.fr\/affaires-juridiques-et-institutionnelles\/elections\/qui-vote\" target=\"_blank\" rel=\"noreferrer noopener\">liste \u00e9lectorale<\/a>. Si vous recherchez un\u00b7e sympathisant\u00b7e de notre liste pour donner procuration, <a href=\"mailto:cfdt-cgt-fsu-sud@douaalter.lautre.net\">contactez-nous<\/a>.<\/p>\n\n\n\n<p><strong>Nous vous invitons \u00e0 v\u00e9rifier que vous \u00eates bien inscrit\u00b7e sur les listes \u00e9lectorales correspondant \u00e0 vos coll\u00e8ges et circonscriptions (voir tableaux ci-dessous)<\/strong>. Rendez-vous sur l&rsquo;intranet de l&rsquo;universit\u00e9 pour consulter les <a href=\"https:\/\/intranet.univ-lyon1.fr\/affaires-juridiques-et-institutionnelles\/elections\/qui-vote\" target=\"_blank\" rel=\"noreferrer noopener\">listes \u00e9lectorales<\/a>. En cas d&rsquo;erreur ou d&rsquo;absence d&rsquo;inscription \u00e0 l&rsquo;un des scrutins, il faut faire une demande d&rsquo;inscription ou de rectification via <a href=\"https:\/\/intranet.univ-lyon1.fr\/medias\/fichier\/personnels-demande-d-inscription-et-rectification-des-listes-electorales_1732272582442-pdf?ID_FICHE=496785&amp;INLINE=FALSE\" target=\"_blank\" rel=\"noreferrer noopener\">ce formulaire<\/a> (<strong>jusqu&rsquo;au 17 janvier<\/strong> pour une inscription sur demande, jusqu&rsquo;au jour du scrutin pour les \u00e9lecteurs et \u00e9lectrices de droit).<\/p>\n\n\n\n<p>Les scrutins sont \u00e0 <a href=\"http:\/\/douaalter.lautre.net\/intersyndicale\/wp-content\/uploads\/2024\/12\/Guide_electoral_DGESIP_maj_2024_p43.pdf\" target=\"_blank\" rel=\"noreferrer noopener\">la proportionnelle au plus fort reste<\/a> <strong>\u00e0 l&rsquo;exception des coll\u00e8ges A et B du Conseil d&rsquo;Administration o\u00f9 un bonus majoritaire de 2 si\u00e8ges est attribu\u00e9 \u00e0 la liste arriv\u00e9e en t\u00eate<\/strong> : <em>par exemple, si 3 listes se pr\u00e9sentent au coll\u00e8ge A du CA, la liste obtenant une majorit\u00e9 relative (m\u00eame serr\u00e9e) obtient 4 si\u00e8ges sur 6.<\/em><\/p>\n\n\n\n<p>Ci-dessous un r\u00e9capitulatif des coll\u00e8ges et circonscriptions selon les scrutins (en cas de doute, consulter l&rsquo;<a href=\"https:\/\/intranet.univ-lyon1.fr\/medias\/fichier\/116-2024-ele-029-arrete-electoral-personnels_1730994163255-pdf?ID_FICHE=496785&amp;INLINE=FALSE\" target=\"_blank\" rel=\"noreferrer noopener\">annexe 1 de l&rsquo;arr\u00eat\u00e9 \u00e9lectoral<\/a>).<\/p>\n\n\n\n<div class=\"wp-block-columns is-layout-flex wp-container-core-columns-is-layout-2 wp-block-columns-is-layout-flex\">\n<div class=\"wp-block-column is-layout-flow wp-block-column-is-layout-flow\" style=\"flex-basis:100%\">\n<div class=\"wp-block-columns is-layout-flex wp-container-core-columns-is-layout-1 wp-block-columns-is-layout-flex\">\n<div class=\"wp-block-column is-layout-flow wp-block-column-is-layout-flow\" style=\"flex-basis:100%\">\n<figure class=\"wp-block-table\"><table class=\"has-fixed-layout\"><tbody><tr><td><strong>Conseil d&rsquo;administration<\/strong><\/td><td>Cat\u00e9gorie de personnel<\/td><\/tr><tr><td>Coll\u00e8ge A (6 si\u00e8ges dont <strong>2 bonus majoritaire<\/strong>)<\/td><td>Le personnel PU, DR et <em>assimil\u00e9<\/em><\/td><\/tr><tr><td>Coll\u00e8ge B (6 si\u00e8ges dont <strong>2 bonus majoritaire<\/strong>)<\/td><td>Le personnel MCF, ESAS, CR et  <em>assimil\u00e9<\/em><\/td><\/tr><tr><td>Coll\u00e8ge BIATSS (4 si\u00e8ges)<\/td><td>Le personnel ITRF, AENES, BIB, et des services sociaux et de sant\u00e9<\/td><\/tr><\/tbody><\/table><\/figure>\n<\/div>\n<\/div>\n<\/div>\n<\/div>\n\n\n\n<p><strong>\u00c0 la CFVU, les coll\u00e8ges sont identiques \u00e0 ceux du CA mais les coll\u00e8ges A et B se r\u00e9partissent en <a href=\"https:\/\/intranet.univ-lyon1.fr\/medias\/fichier\/a3-repartition-des-sieges-cr-cfvu-v2_1729244745426-pdf?ID_FICHE=247626&amp;INLINE=FALSE\" target=\"_blank\" rel=\"noreferrer noopener\">3 circonscriptions<\/a> (et pas 2 comme \u00e0 la CR, voir plus loin) :<\/strong><\/p>\n\n\n\n<figure class=\"wp-block-table\"><table class=\"has-fixed-layout\"><tbody><tr><td><strong>Circonscriptions de la CFVU<\/strong><\/td><td>Coll\u00e8ges A et B dans les composantes<\/td><\/tr><tr><td>Sant\u00e9<\/td><td>Fac M\u00e9decine Lyon-Est<br>Fac M\u00e9decine et Ma\u00efeutique Lyon-Sud<br>Facult\u00e9 d\u2019Odontologie<br>ISPB<br>ISTR<\/td><\/tr><tr><td>Sciences<\/td><td>Observatoire de Lyon<br>Facult\u00e9 des Sciences<br>UFR Biosciences<br>Insp\u00e9<\/td><\/tr><tr><td>Sciences et Technologies<\/td><td>ISFA<br>GEP<br>Informatique<br>M\u00e9canique<br>STAPS<br>IUT<br>Polytech<\/td><\/tr><\/tbody><\/table><\/figure>\n\n\n\n<p><em>Attention les coll\u00e8gues du SCEL doivent demander leur rattachement \u00e0 l&rsquo;une des circonscriptions.<\/em><br><em>Autre subtilit\u00e9, les doctorant\u00b7es effectuant 64h de TD \u00e0 Lyon 1 peuvent demander \u00e0 \u00eatre inscrit\u00b7es dans le coll\u00e8ge B du CA et de la CFVU.<\/em><\/p>\n\n\n\n<figure class=\"wp-block-table\"><table class=\"has-fixed-layout\"><tbody><tr><td><strong>CFVU<\/strong><\/td><td class=\"has-text-align-center\" data-align=\"center\">Nombre de si\u00e8ges<\/td><\/tr><tr><td>Coll\u00e8ge A Sant\u00e9<\/td><td class=\"has-text-align-center\" data-align=\"center\">3<\/td><\/tr><tr><td>Coll\u00e8ge A Sciences<\/td><td class=\"has-text-align-center\" data-align=\"center\">4<\/td><\/tr><tr><td>Coll\u00e8ge A Sciences et Techno<\/td><td class=\"has-text-align-center\" data-align=\"center\">1<\/td><\/tr><tr><td>Coll\u00e8ge B Sant\u00e9<\/td><td class=\"has-text-align-center\" data-align=\"center\">1<\/td><\/tr><tr><td>Coll\u00e8ge B Sciences<\/td><td class=\"has-text-align-center\" data-align=\"center\">4<\/td><\/tr><tr><td>Coll\u00e8ge B Sciences et Techno<\/td><td class=\"has-text-align-center\" data-align=\"center\">3<\/td><\/tr><tr><td>Coll\u00e8ge BIATSS<\/td><td class=\"has-text-align-center\" data-align=\"center\">4<\/td><\/tr><\/tbody><\/table><\/figure>\n\n\n\n<p><strong>\u00c0 la CR<\/strong> <strong>il y a 2 circonscriptions<\/strong> pour les coll\u00e8ges A, B et C : une circonscription Sant\u00e9 identique \u00e0 celle de la CFVU et une circonscription Sciences et Technologies regroupant les circonscription Sciences et Sciences et Techno pr\u00e9c\u00e9dentes (comme quoi&#8230;). Par contre, au niveau des coll\u00e8ges c&rsquo;est beaucoup plus subtil :<\/p>\n\n\n\n<figure class=\"wp-block-table\"><table class=\"has-fixed-layout\"><tbody><tr><td><strong>Coll\u00e8ges \u00e0 la CR<\/strong><\/td><td>Dipl\u00f4me ou cat\u00e9gorie de personnel<\/td><\/tr><tr><td>Coll\u00e8ge A<\/td><td>Le personnel PU, DR et <em>assimil\u00e9<\/em><\/td><\/tr><tr><td>Coll\u00e8ge B<\/td><td>Personnel HDR non coll\u00e8ge A<\/td><\/tr><tr><td>Coll\u00e8ge C<\/td><td>Personnel ayant un doctorat non des coll\u00e8ges A et B<\/td><\/tr><tr><td>Coll\u00e8ge D<\/td><td>Autres enseignant\u00b7es et\/ou chercheur\u00b7ses<\/td><\/tr><tr><td>Coll\u00e8ge E<\/td><td>Ing\u00e9nieur\u00b7es et technicien\u00b7nes non des coll\u00e8ges pr\u00e9c\u00e9dents<\/td><\/tr><tr><td>Coll\u00e8ge F<\/td><td>Autres membres du personnel except\u00e9\u00b7es les doctorant\u00b7es<\/td><\/tr><tr><td>Coll\u00e8ge usagers<\/td><td>Doctorant\u00b7es<\/td><\/tr><\/tbody><\/table><\/figure>\n\n\n\n<p>Les si\u00e8ges se r\u00e9partissent \u00e0 la CR de la mani\u00e8re suivante selon les circonscriptions :<\/p>\n\n\n\n<figure class=\"wp-block-table\"><table class=\"has-fixed-layout\"><tbody><tr><td><strong>CR<\/strong><\/td><td class=\"has-text-align-center\" data-align=\"center\">Nombre de si\u00e8ges<\/td><\/tr><tr><td>Coll\u00e8ge A Sant\u00e9<\/td><td class=\"has-text-align-center\" data-align=\"center\">5<\/td><\/tr><tr><td>Coll\u00e8ge A Sciences et Techno<\/td><td class=\"has-text-align-center\" data-align=\"center\">8<\/td><\/tr><tr><td>Coll\u00e8ge B Sant\u00e9<\/td><td class=\"has-text-align-center\" data-align=\"center\">1<\/td><\/tr><tr><td>Coll\u00e8ge B Sciences et Techno<\/td><td class=\"has-text-align-center\" data-align=\"center\">5<\/td><\/tr><tr><td>Coll\u00e8ge C Sant\u00e9<\/td><td class=\"has-text-align-center\" data-align=\"center\">1<\/td><\/tr><tr><td>Coll\u00e8ge C Sciences et Techno<\/td><td class=\"has-text-align-center\" data-align=\"center\">5<\/td><\/tr><tr><td>Coll\u00e8ge D<\/td><td class=\"has-text-align-center\" data-align=\"center\">1<\/td><\/tr><tr><td>Coll\u00e8ge E<\/td><td class=\"has-text-align-center\" data-align=\"center\">4<\/td><\/tr><tr><td>Coll\u00e8ge F<\/td><td class=\"has-text-align-center\" data-align=\"center\">1<\/td><\/tr><tr><td>Coll\u00e8ge \u00ab Doctorant\u00b7es \u00bb<\/td><td class=\"has-text-align-center\" data-align=\"center\">4<\/td><\/tr><\/tbody><\/table><\/figure>\n\n\n\n<p>Rappelons enfin que les \u00e9tudiant\u00b7es \u00e9lisent \u00e9galement le 23 janvier leurs repr\u00e9sentant\u00b7es au CA (4 si\u00e8ges) et \u00e0 la CFVU (16 si\u00e8ges : 8 en Sant\u00e9, 8 en Sciences et Techno). Nous soutenons les listes communes pr\u00e9sent\u00e9es par l&rsquo;UNEF, l&rsquo;Union \u00c9tudiante et Solidaires \u00c9tudiant\u00b7es (voir <a href=\"http:\/\/douaalter.lautre.net\/intersyndicale\/wp-content\/uploads\/2025\/01\/PF-Etudiant\u00b7esLyon-1-2024.pdf\">leur profession de foi<\/a>), et nos futures \u00e9lu\u00b7es pourront travailler conjointement dans ces instances.<\/p>\n","protected":false},"excerpt":{"rendered":"<p>L&rsquo;ensemble du personnel (titulaires et contractuel\u00b7les), y compris des EPST rattach\u00e9s, est appel\u00e9 \u00e0 voter jeudi 23 janvier \u00e0 trois scrutins pour le renouvellement du Conseil d&rsquo;Administration (CA), de la Commission de la Formation et de la Vie Universitaire (CFVU) et de la Commission Recherche (CR). Les scrutins auront lieu \u00e0 l&rsquo;urne jeudi 23 janvier [&hellip;]<\/p>\n","protected":false},"author":1,"featured_media":217,"parent":0,"menu_order":0,"comment_status":"closed","ping_status":"closed","template":"","meta":{"footnotes":""},"class_list":["post-57","page","type-page","status-publish","has-post-thumbnail","hentry"],"_links":{"self":[{"href":"https:\/\/douaalter.lautre.net\/intersyndicale\/index.php?rest_route=\/wp\/v2\/pages\/57","targetHints":{"allow":["GET"]}}],"collection":[{"href":"https:\/\/douaalter.lautre.net\/intersyndicale\/index.php?rest_route=\/wp\/v2\/pages"}],"about":[{"href":"https:\/\/douaalter.lautre.net\/intersyndicale\/index.php?rest_route=\/wp\/v2\/types\/page"}],"author":[{"embeddable":true,"href":"https:\/\/douaalter.lautre.net\/intersyndicale\/index.php?rest_route=\/wp\/v2\/users\/1"}],"replies":[{"embeddable":true,"href":"https:\/\/douaalter.lautre.net\/intersyndicale\/index.php?rest_route=%2Fwp%2Fv2%2Fcomments&post=57"}],"version-history":[{"count":39,"href":"https:\/\/douaalter.lautre.net\/intersyndicale\/index.php?rest_route=\/wp\/v2\/pages\/57\/revisions"}],"predecessor-version":[{"id":257,"href":"https:\/\/douaalter.lautre.net\/intersyndicale\/index.php?rest_route=\/wp\/v2\/pages\/57\/revisions\/257"}],"wp:featuredmedia":[{"embeddable":true,"href":"https:\/\/douaalter.lautre.net\/intersyndicale\/index.php?rest_route=\/wp\/v2\/media\/217"}],"wp:attachment":[{"href":"https:\/\/douaalter.lautre.net\/intersyndicale\/index.php?rest_route=%2Fwp%2Fv2%2Fmedia&parent=57"}],"curies":[{"name":"wp","href":"https:\/\/api.w.org\/{rel}","templated":true}]}}