{"id":91,"date":"2024-12-14T16:43:34","date_gmt":"2024-12-14T15:43:34","guid":{"rendered":"https:\/\/douaalter.lautre.net\/intersyndicale\/?page_id=91"},"modified":"2025-11-16T09:56:00","modified_gmt":"2025-11-16T08:56:00","slug":"nos-candidats","status":"publish","type":"page","link":"https:\/\/douaalter.lautre.net\/intersyndicale\/?page_id=91","title":{"rendered":"Vos \u00e9lu\u00b7es"},"content":{"rendered":"\n<h2 class=\"wp-block-heading\">au Conseil d&rsquo;Administration (CA)<\/h2>\n\n\n\n<p><strong>BIATSS :<\/strong> Pierre B\u00e9n\u00e9teau (Technicien, ILM)<br><br><\/p>\n\n\n\n<h2 class=\"wp-block-heading\">\u00e0 &nbsp;la Commission de la Formation et de la Vie Universitaire (CFVU)<\/h2>\n\n\n\n<p><strong>Coll\u00e8ge B Sciences&nbsp;: <\/strong>S\u00e9bastien Gauthier (Math\u00e9matiques)<\/p>\n\n\n\n<p><strong>Coll\u00e8ge B Sciences et Technologie&nbsp;: <\/strong>Sophie Orenga (IUT)<\/p>\n\n\n\n<p><strong>BIATSS&nbsp;<\/strong>: L\u00e9a Ducrocq (STAPS)<\/p>\n\n\n\n<p><br><\/p>\n\n\n\n<h2 class=\"wp-block-heading\">\u00e0 la Commission Recherche (CR)<\/h2>\n\n\n\n<p><strong>Coll\u00e8ge A S&amp;T&nbsp;: <\/strong>Nicolas Grimault (Biologie)<\/p>\n\n\n\n<p><strong>Coll\u00e8ge B S&amp;T\u00a0:<\/strong> Claude Inserra (M\u00e9canique)<\/p>\n\n\n\n<p><strong>Coll\u00e8ge C S&amp;T&nbsp;<\/strong>: St\u00e9phane Vignoli (GEP)<\/p>\n\n\n\n<p><strong>Coll\u00e8ge E&nbsp;:<\/strong> Laurent Pommery (CISR)<\/p>\n\n\n\n<p><strong>Coll\u00e8ge F&nbsp;: <\/strong>Marie Br\u00e9hier (INSP\u00c9)<\/p>\n\n\n\n<p><strong>Coll\u00e8ge Doctorant\u00b7es <\/strong>: Alfred Bovon (Physique &#8211; titulaire), Marie Altermath (STAPS &#8211; titulaire), Pierre Gonin-Joubert (Math\u00e9matiques &#8211; suppl\u00e9ant), Ines Bentara (Physique &#8211; suppl\u00e9ante)<\/p>\n","protected":false},"excerpt":{"rendered":"<p>au Conseil d&rsquo;Administration (CA) BIATSS : Pierre B\u00e9n\u00e9teau (Technicien, ILM) \u00e0 &nbsp;la Commission de la Formation et de la Vie Universitaire (CFVU) Coll\u00e8ge B Sciences&nbsp;: S\u00e9bastien Gauthier (Math\u00e9matiques) Coll\u00e8ge B Sciences et Technologie&nbsp;: Sophie Orenga (IUT) BIATSS&nbsp;: L\u00e9a Ducrocq (STAPS) \u00e0 la Commission Recherche (CR) Coll\u00e8ge A S&amp;T&nbsp;: Nicolas Grimault (Biologie) Coll\u00e8ge B S&amp;T\u00a0: Claude [&hellip;]<\/p>\n","protected":false},"author":1,"featured_media":0,"parent":0,"menu_order":0,"comment_status":"closed","ping_status":"closed","template":"","meta":{"footnotes":""},"class_list":["post-91","page","type-page","status-publish","hentry"],"_links":{"self":[{"href":"https:\/\/douaalter.lautre.net\/intersyndicale\/index.php?rest_route=\/wp\/v2\/pages\/91","targetHints":{"allow":["GET"]}}],"collection":[{"href":"https:\/\/douaalter.lautre.net\/intersyndicale\/index.php?rest_route=\/wp\/v2\/pages"}],"about":[{"href":"https:\/\/douaalter.lautre.net\/intersyndicale\/index.php?rest_route=\/wp\/v2\/types\/page"}],"author":[{"embeddable":true,"href":"https:\/\/douaalter.lautre.net\/intersyndicale\/index.php?rest_route=\/wp\/v2\/users\/1"}],"replies":[{"embeddable":true,"href":"https:\/\/douaalter.lautre.net\/intersyndicale\/index.php?rest_route=%2Fwp%2Fv2%2Fcomments&post=91"}],"version-history":[{"count":19,"href":"https:\/\/douaalter.lautre.net\/intersyndicale\/index.php?rest_route=\/wp\/v2\/pages\/91\/revisions"}],"predecessor-version":[{"id":307,"href":"https:\/\/douaalter.lautre.net\/intersyndicale\/index.php?rest_route=\/wp\/v2\/pages\/91\/revisions\/307"}],"wp:attachment":[{"href":"https:\/\/douaalter.lautre.net\/intersyndicale\/index.php?rest_route=%2Fwp%2Fv2%2Fmedia&parent=91"}],"curies":[{"name":"wp","href":"https:\/\/api.w.org\/{rel}","templated":true}]}}